{"id":950,"date":"2017-08-15T00:37:52","date_gmt":"2017-08-14T22:37:52","guid":{"rendered":"http:\/\/australia-journey.com\/?page_id=950"},"modified":"2017-08-15T00:37:52","modified_gmt":"2017-08-14T22:37:52","slug":"lake-district-national-park","status":"publish","type":"page","link":"https:\/\/australia-journey.com\/?page_id=950","title":{"rendered":"Lake District National Park"},"content":{"rendered":"<p>Wir fahren am Fr., den 04.08. in Richtung Ullswater, einem See der vielen im Lake District. Dieser soll weniger touristisch sein. Im Vorfeld gestaltet sich die Suche nach einem Platz schwierig \u2013 es ist Ferienzeit und viel ausgebucht. Wir telefonieren einige ab und erfahren vom Campingplatz Cross Dormont, dass dieser noch Platz hat. Die Dame l\u00e4sst keine Reservierungen zu, Strom gibt es auch nicht aber wir sind daf\u00fcr eigentlich gut ger\u00fcstet.<\/p>\n<p>Die Fahrt \u00fcber die M6 Richtung Schottland wird recht windig, die Stra\u00dfe ist top ausgebaut, die Landschaft bergig aber baumlos. Alles wirkt irgendwie kahl und etwas mondartig.<\/p>\n<p>Am Camping angekommen empf\u00e4ngt uns eine gro\u00dfe Wiese mit einem Wasserhahn, starkem Gef\u00e4lle und einem Spielplatz, der aus einer Minirutsche, einem neuen Trampolin und einem Strick am Baum nebst Kn\u00fcppel quer (zum Tarzan Spielen) besteht. Wir bauen auf und richten uns auf 3 N\u00e4chte ein. R\u00fcckblickend wird dieser Platz zum Schlechtesten unserer Tour ernannt: Die Grass ist mind. 10 cm. hoch und wohl gerade von 40 cm runtergem\u00e4ht worden. Das abgem\u00e4hte Gras liegt \u00fcberall. Wir h\u00e4tten nie gedacht, dass dies so nerven kann. Kein Strom juckt uns weniger \u2013 wir bauen Bus und Wohnwagen so auf, dass der Bus \u00fcber das Anh\u00e4ngerkabel Licht und Wasser im Wohnwagen funktionieren l\u00e4sst. Die \u201eFacilities\u201c sind \u00fcbel: Alte Container mit noch \u00e4lteren Kloausbauten. Warme Duschen gibt es f\u00fcr 50p 3 min. lang.<\/p>\n<p>Es windet und regnet abwechselnd und wir bauen unter erschwerten Bedingungen das erste Mal unser kleines Vorzelt auf.<\/p>\n<p>Am 05.08. spazieren wir nach Pooley Bridge, genie\u00dfen die Sonne und einen englischen Nachmittagssnack (Scones, jam, clotted cream mit Ale und Rose-Wein statt Tee auch ganz lecker). Der See und die Umgebung sind sehr nett, etwas bergig aber so richtig besonders ist das Ganze irgendwie nicht. Bayrische Bergseen gefallen uns im Vergleich sehr viel besser.<\/p>\n<div id='gallery-1' class='gallery galleryid-950 gallery-columns-3 gallery-size-thumbnail'><figure class='gallery-item'>\n\t\t\t<div class='gallery-icon portrait'>\n\t\t\t\t<a href='https:\/\/australia-journey.com\/?attachment_id=938'><img width=\"150\" height=\"150\" src=\"https:\/\/australia-journey.com\/wp-content\/uploads\/2017\/08\/20170805_181454-150x150.jpg\" class=\"attachment-thumbnail size-thumbnail\" alt=\"\" decoding=\"async\" loading=\"lazy\" aria-describedby=\"gallery-1-938\" \/><\/a>\n\t\t\t<\/div>\n\t\t\t\t<figcaption class='wp-caption-text gallery-caption' id='gallery-1-938'>\n\t\t\t\tLeonard schaukelt das erste Mal\n\t\t\t\t<\/figcaption><\/figure><figure class='gallery-item'>\n\t\t\t<div class='gallery-icon landscape'>\n\t\t\t\t<a href='https:\/\/australia-journey.com\/?attachment_id=939'><img width=\"150\" height=\"150\" src=\"https:\/\/australia-journey.com\/wp-content\/uploads\/2017\/08\/20170806_112226-150x150.jpg\" class=\"attachment-thumbnail size-thumbnail\" alt=\"\" decoding=\"async\" loading=\"lazy\" aria-describedby=\"gallery-1-939\" \/><\/a>\n\t\t\t<\/div>\n\t\t\t\t<figcaption class='wp-caption-text gallery-caption' id='gallery-1-939'>\n\t\t\t\tUnsere Campingwiese\n\t\t\t\t<\/figcaption><\/figure><figure class='gallery-item'>\n\t\t\t<div class='gallery-icon landscape'>\n\t\t\t\t<a href='https:\/\/australia-journey.com\/?attachment_id=937'><img width=\"150\" height=\"150\" src=\"https:\/\/australia-journey.com\/wp-content\/uploads\/2017\/08\/P1080276-150x150.jpg\" class=\"attachment-thumbnail size-thumbnail\" alt=\"\" decoding=\"async\" loading=\"lazy\" aria-describedby=\"gallery-1-937\" \/><\/a>\n\t\t\t<\/div>\n\t\t\t\t<figcaption class='wp-caption-text gallery-caption' id='gallery-1-937'>\n\t\t\t\tUnser Campingplatz  vom See aus fotografiert\n\t\t\t\t<\/figcaption><\/figure><figure class='gallery-item'>\n\t\t\t<div class='gallery-icon landscape'>\n\t\t\t\t<a href='https:\/\/australia-journey.com\/?attachment_id=947'><img width=\"150\" height=\"150\" src=\"https:\/\/australia-journey.com\/wp-content\/uploads\/2017\/08\/P1080264-150x150.jpg\" class=\"attachment-thumbnail size-thumbnail\" alt=\"\" decoding=\"async\" loading=\"lazy\" aria-describedby=\"gallery-1-947\" \/><\/a>\n\t\t\t<\/div>\n\t\t\t\t<figcaption class='wp-caption-text gallery-caption' id='gallery-1-947'>\n\t\t\t\tUllswater Lake \n\t\t\t\t<\/figcaption><\/figure><figure class='gallery-item'>\n\t\t\t<div class='gallery-icon landscape'>\n\t\t\t\t<a href='https:\/\/australia-journey.com\/?attachment_id=946'><img width=\"150\" height=\"150\" src=\"https:\/\/australia-journey.com\/wp-content\/uploads\/2017\/08\/P1080263-150x150.jpg\" class=\"attachment-thumbnail size-thumbnail\" alt=\"\" decoding=\"async\" loading=\"lazy\" aria-describedby=\"gallery-1-946\" \/><\/a>\n\t\t\t<\/div>\n\t\t\t\t<figcaption class='wp-caption-text gallery-caption' id='gallery-1-946'>\n\t\t\t\tUllswater Lake\n\t\t\t\t<\/figcaption><\/figure><figure class='gallery-item'>\n\t\t\t<div class='gallery-icon landscape'>\n\t\t\t\t<a href='https:\/\/australia-journey.com\/?attachment_id=948'><img width=\"150\" height=\"150\" src=\"https:\/\/australia-journey.com\/wp-content\/uploads\/2017\/08\/P1080267-150x150.jpg\" class=\"attachment-thumbnail size-thumbnail\" alt=\"\" decoding=\"async\" loading=\"lazy\" aria-describedby=\"gallery-1-948\" \/><\/a>\n\t\t\t<\/div>\n\t\t\t\t<figcaption class='wp-caption-text gallery-caption' id='gallery-1-948'>\n\t\t\t\tUlllswater Lake\n\t\t\t\t<\/figcaption><\/figure><figure class='gallery-item'>\n\t\t\t<div class='gallery-icon landscape'>\n\t\t\t\t<a href='https:\/\/australia-journey.com\/?attachment_id=949'><img width=\"150\" height=\"150\" src=\"https:\/\/australia-journey.com\/wp-content\/uploads\/2017\/08\/P1080272-150x150.jpg\" class=\"attachment-thumbnail size-thumbnail\" alt=\"\" decoding=\"async\" loading=\"lazy\" aria-describedby=\"gallery-1-949\" \/><\/a>\n\t\t\t<\/div>\n\t\t\t\t<figcaption class='wp-caption-text gallery-caption' id='gallery-1-949'>\n\t\t\t\tAuf dem Dampfer Richtung Glenridding\n\t\t\t\t<\/figcaption><\/figure>\n\t\t<\/div>\n\n<p>Wir entschlie\u00dfen uns f\u00fcr eine \u201eDampfer\u201ctour (bei den Ullswater Steamers dampft leider gar nix mehr) am kommenden Tag, die uns von Pooley Bridge nach Glenridding f\u00fchrt. Erst ist es erst wolkenverhangen und dann regnet es in Str\u00f6men, als wir in Glenridding ankommen. Ein verschlafenes Nest, in dem wir Sandwiches, Chips und Baguette in einem netten Cafe bekommen. Es regnet weiter und wir nehmen den Dampfer zur\u00fcck zum Howtown Pier. Von dort wollen wir den \u201eUllswater Way\u201c zum Campingplatz wandern. In den gut 2 Stunden laufen wir in str\u00f6mendem Regen mit Leonard im Chariot diesen tollen Wanderweg entlang alter Anwesen, mit tollen Aussichten und einigen Kletterpassagen \u00fcber die allgegenw\u00e4rtigen Natursteinmauern. Ein Wanderweg, den man um den sehr langgestreckten See begehen kann. Interessant ist, dass dieser h\u00e4ufig \u00fcber private H\u00f6fe und deren angrenzenden Weiden verl\u00e4uft \u2013 bei besserem Wetter wirklich eine Empfehlung.<\/p>\n<p>Luisa l\u00e4uft fasst den kompletten Weg alleine und macht das \u2013 wenn auch fast komplett durchn\u00e4sst wie wir alle \u2013 richtig super. Wir sind so stolz auf Sie.<\/p>\n<div id='gallery-2' class='gallery galleryid-950 gallery-columns-3 gallery-size-thumbnail'><figure class='gallery-item'>\n\t\t\t<div class='gallery-icon landscape'>\n\t\t\t\t<a href='https:\/\/australia-journey.com\/?attachment_id=940'><img width=\"150\" height=\"150\" src=\"https:\/\/australia-journey.com\/wp-content\/uploads\/2017\/08\/20170806_162826-150x150.jpg\" class=\"attachment-thumbnail size-thumbnail\" alt=\"\" decoding=\"async\" loading=\"lazy\" aria-describedby=\"gallery-2-940\" \/><\/a>\n\t\t\t<\/div>\n\t\t\t\t<figcaption class='wp-caption-text gallery-caption' id='gallery-2-940'>\n\t\t\t\tLeonard schl\u00e4ft im Regen von Ullswater\n\t\t\t\t<\/figcaption><\/figure><figure class='gallery-item'>\n\t\t\t<div class='gallery-icon landscape'>\n\t\t\t\t<a href='https:\/\/australia-journey.com\/?attachment_id=941'><img width=\"150\" height=\"150\" src=\"https:\/\/australia-journey.com\/wp-content\/uploads\/2017\/08\/20170806_164007-150x150.jpg\" class=\"attachment-thumbnail size-thumbnail\" alt=\"\" decoding=\"async\" loading=\"lazy\" aria-describedby=\"gallery-2-941\" \/><\/a>\n\t\t\t<\/div>\n\t\t\t\t<figcaption class='wp-caption-text gallery-caption' id='gallery-2-941'>\n\t\t\t\t\u00dcber die Kuhweiden&#8230;\n\t\t\t\t<\/figcaption><\/figure><figure class='gallery-item'>\n\t\t\t<div class='gallery-icon landscape'>\n\t\t\t\t<a href='https:\/\/australia-journey.com\/?attachment_id=942'><img width=\"150\" height=\"150\" src=\"https:\/\/australia-journey.com\/wp-content\/uploads\/2017\/08\/20170806_164729-150x150.jpg\" class=\"attachment-thumbnail size-thumbnail\" alt=\"\" decoding=\"async\" loading=\"lazy\" aria-describedby=\"gallery-2-942\" \/><\/a>\n\t\t\t<\/div>\n\t\t\t\t<figcaption class='wp-caption-text gallery-caption' id='gallery-2-942'>\n\t\t\t\t&#8230;.entlang alter Anwesen&#8230;\n\t\t\t\t<\/figcaption><\/figure><figure class='gallery-item'>\n\t\t\t<div class='gallery-icon landscape'>\n\t\t\t\t<a href='https:\/\/australia-journey.com\/?attachment_id=943'><img width=\"150\" height=\"150\" src=\"https:\/\/australia-journey.com\/wp-content\/uploads\/2017\/08\/20170806_170533-150x150.jpg\" class=\"attachment-thumbnail size-thumbnail\" alt=\"\" decoding=\"async\" loading=\"lazy\" aria-describedby=\"gallery-2-943\" \/><\/a>\n\t\t\t<\/div>\n\t\t\t\t<figcaption class='wp-caption-text gallery-caption' id='gallery-2-943'>\n\t\t\t\t&#8230;mit alten St\u00e4llen&#8230;\n\t\t\t\t<\/figcaption><\/figure><figure class='gallery-item'>\n\t\t\t<div class='gallery-icon landscape'>\n\t\t\t\t<a href='https:\/\/australia-journey.com\/?attachment_id=944'><img width=\"150\" height=\"150\" src=\"https:\/\/australia-journey.com\/wp-content\/uploads\/2017\/08\/20170806_173534-150x150.jpg\" class=\"attachment-thumbnail size-thumbnail\" alt=\"\" decoding=\"async\" loading=\"lazy\" aria-describedby=\"gallery-2-944\" \/><\/a>\n\t\t\t<\/div>\n\t\t\t\t<figcaption class='wp-caption-text gallery-caption' id='gallery-2-944'>\n\t\t\t\t\u00dcber Hindernisse\n\t\t\t\t<\/figcaption><\/figure><figure class='gallery-item'>\n\t\t\t<div class='gallery-icon portrait'>\n\t\t\t\t<a href='https:\/\/australia-journey.com\/?attachment_id=945'><img width=\"150\" height=\"150\" src=\"https:\/\/australia-journey.com\/wp-content\/uploads\/2017\/08\/20170806_175355-150x150.jpg\" class=\"attachment-thumbnail size-thumbnail\" alt=\"\" decoding=\"async\" loading=\"lazy\" aria-describedby=\"gallery-2-945\" \/><\/a>\n\t\t\t<\/div>\n\t\t\t\t<figcaption class='wp-caption-text gallery-caption' id='gallery-2-945'>\n\t\t\t\tKomplett durchn\u00e4sst\n\t\t\t\t<\/figcaption><\/figure>\n\t\t<\/div>\n\n<p>Wir schnaufen durch, trocknen unsere Sachen und fahren am 07.08. weiter in Richtung Yorkshire Dales National Park.<\/p>\n<p>&nbsp;<\/p>\n<p>&nbsp;<\/p>\n<p>&nbsp;<\/p>\n<p>&nbsp;<\/p>\n","protected":false},"excerpt":{"rendered":"<p>Wir fahren am Fr., den 04.08. in Richtung Ullswater, einem See der vielen im Lake District. Dieser soll weniger touristisch sein. Im Vorfeld gestaltet sich die Suche nach einem Platz schwierig \u2013 es ist Ferienzeit und viel ausgebucht. Wir telefonieren einige ab und erfahren vom Campingplatz Cross Dormont, dass dieser noch Platz hat. Die Dame [&hellip;]<\/p>\n","protected":false},"author":1,"featured_media":0,"parent":0,"menu_order":0,"comment_status":"closed","ping_status":"closed","template":"","meta":[],"_links":{"self":[{"href":"https:\/\/australia-journey.com\/index.php?rest_route=\/wp\/v2\/pages\/950"}],"collection":[{"href":"https:\/\/australia-journey.com\/index.php?rest_route=\/wp\/v2\/pages"}],"about":[{"href":"https:\/\/australia-journey.com\/index.php?rest_route=\/wp\/v2\/types\/page"}],"author":[{"embeddable":true,"href":"https:\/\/australia-journey.com\/index.php?rest_route=\/wp\/v2\/users\/1"}],"replies":[{"embeddable":true,"href":"https:\/\/australia-journey.com\/index.php?rest_route=%2Fwp%2Fv2%2Fcomments&post=950"}],"version-history":[{"count":1,"href":"https:\/\/australia-journey.com\/index.php?rest_route=\/wp\/v2\/pages\/950\/revisions"}],"predecessor-version":[{"id":951,"href":"https:\/\/australia-journey.com\/index.php?rest_route=\/wp\/v2\/pages\/950\/revisions\/951"}],"wp:attachment":[{"href":"https:\/\/australia-journey.com\/index.php?rest_route=%2Fwp%2Fv2%2Fmedia&parent=950"}],"curies":[{"name":"wp","href":"https:\/\/api.w.org\/{rel}","templated":true}]}}